{"id":110,"date":"2017-10-30T00:05:36","date_gmt":"2017-10-29T23:05:36","guid":{"rendered":"http:\/\/amelie-pelle.com\/?page_id=110"},"modified":"2024-07-08T11:59:03","modified_gmt":"2024-07-08T09:59:03","slug":"biographie","status":"publish","type":"page","link":"https:\/\/amelie-pelle.com\/?page_id=110","title":{"rendered":"Prestations"},"content":{"rendered":"<p><strong><span style=\"color: #000080;\">L&rsquo;Agence<\/span> <span style=\"color: #ff00ff;\">AP<\/span><\/strong> \u00e0 deux types de prestations:<\/p>\n<ul>\n<li>le conseil d\u00e9co (d\u00e9duit si vous souhaitez continuez avec une \u00e9tude)<\/li>\n<li>l&rsquo;\u00e9tude de projet<\/li>\n<\/ul>\n<h4><strong>Le conseil d\u00e9co:<\/strong><\/h4>\n<p><b style=\"color: #333399; font-size: 12pt;\">L&rsquo;Agence<\/b> <strong><span style=\"color: #ff00ff;\">AP<\/span><\/strong><span style=\"color: #000000; font-size: medium;\"> vous propose <\/span><strong style=\"color: #000000; font-size: 12pt;\">2 types de conseils:<\/strong><\/p>\n<p><span style=\"color: #000000;\"><span style=\"font-size: 12pt;\"><span style=\"font-family: verdana,geneva;\">-le conseil \u00e0 votre domicile\u00a0<\/span><\/span><\/span><\/p>\n<p><span style=\"color: #000000;\"><span style=\"font-size: 12pt;\"><span style=\"font-family: verdana,geneva;\">-le conseil \u00e0 son\u00a0<\/span><\/span><span style=\"font-size: 12pt;\"><span style=\"font-family: verdana,geneva;\">agence<\/span><\/span><\/span><\/p>\n<p><span style=\"text-decoration: underline; color: #ff00ff;\"><strong><span style=\"font-size: 12pt;\"><span style=\"font-family: verdana,geneva;\">Le conseil \u00e0 votre domicile: 1h<\/span><\/span><\/strong><\/span><\/p>\n<p><span style=\"color: #000000;\"><strong><span style=\"font-size: 12pt;\"><span style=\"font-family: verdana,geneva;\">L&rsquo;architecte d&rsquo;int\u00e9rieur se d\u00e9place sur le lieu, dans le but de vous<\/span><\/span><span style=\"font-size: 12pt;\"><span style=\"font-family: verdana,geneva;\"> conseiller sur l&rsquo;int\u00e9rieur de votre bien, nous \u00e9voquerons en fonction de votre demande:<\/span><\/span><\/strong><\/span><\/p>\n<p style=\"text-align: left;\"><span style=\"font-size: 12pt; font-family: verdana, geneva; color: #000000;\">-C<span style=\"font-size: 12pt;\"><span style=\"font-size: 12pt; font-family: verdana, geneva;\">onseils afin d&rsquo;optimiser l&rsquo;espace et\/ou couleurs.<\/span><\/span><\/span><\/p>\n<p style=\"text-align: left;\"><span style=\"font-size: 12pt; font-family: verdana, geneva; color: #000000;\">-Le point sur vos id\u00e9es et un avis professionnel sur votre projet.<\/span><\/p>\n<p style=\"text-align: left;\"><span style=\"font-size: 12pt; font-family: verdana, geneva; color: #000000;\">-Une fourchette de prix pour les frais \u00e0 pr\u00e9voir<\/span><\/p>\n<p style=\"text-align: center;\"><span style=\"color: #ff00ff;\"><strong><span style=\"font-size: 12pt; font-family: verdana, geneva;\">Tarif: 140\u20ac de l&rsquo;heure<\/span><\/strong><\/span><\/p>\n<p style=\"text-align: left;\"><span style=\"text-decoration: underline; color: #ff00ff;\"><strong><span style=\"font-size: 12pt; font-family: verdana, geneva;\">Le conseil \u00e0 l&rsquo;agence au 57 avenue de la mer \u00e0 Cabourg: 1H<\/span><\/strong><\/span><\/p>\n<p style=\"text-align: left;\"><span style=\"color: #000000;\"><strong><span style=\"font-size: 12pt; font-family: verdana, geneva;\">Cette prestation permet de vous apporter des conseils pour vous lancer dans votre projet. \u00a0 \u00a0<\/span><\/strong><\/span><\/p>\n<p style=\"text-align: left;\"><span style=\"font-size: 12pt; font-family: verdana, geneva; color: #000000;\">-Conseils sur un point pr\u00e9cis de votre projet ( technique, agencement&#8230;)<\/span><\/p>\n<p style=\"text-align: left;\"><span style=\"font-size: 12pt; font-family: verdana, geneva; color: #000000;\">-Vous aider dans la d\u00e9cision de votre projet<\/span><\/p>\n<p style=\"text-align: left;\"><span style=\"font-size: 12pt; font-family: verdana, geneva; color: #000000;\">-Des visuels pourront vous \u00eatre montrer pour vous aider \u00e0 visualiser&#8230;\u00a0<\/span><\/p>\n<p style=\"text-align: center;\"><span style=\"color: #ff00ff;\"><strong><span style=\"font-size: 12pt; font-family: verdana, geneva;\">Tarif: 110\u20ac de l&rsquo;heure<\/span><\/strong><\/span><\/p>\n<p style=\"text-align: left;\"><span style=\"text-decoration: underline; color: #ff00ff;\"><strong><span style=\"font-size: 12pt; font-family: verdana, geneva;\">Cette formule vous sera d\u00e9duite, si vous souhaitez continuer avec une \u00e9tude de conception.<\/span><\/strong><\/span><\/p>\n<h4><strong>L&rsquo;\u00e9tude de projet:<\/strong><\/h4>\n<p>Cette prestation commence toujours par un conseil en d\u00e9coration \u00e0 domicile (voir <strong><a href=\"http:\/\/archiconseil.canalblog.com\/archives\/2012\/11\/21\/25967170.html\">l<\/a>e conseil \u00e0 domicile ou \u00e0 l&rsquo;agence<\/strong>).\u00a0Apr\u00e8s prise de mesures compl\u00e8tes et entretien avec vous, pour d\u00e9finir votre style et vos besoins, nous \u00e9tablirons un dossier complet comprenant :<\/p>\n<p><strong>-Les plans (implantation du mobilier) et perspectives 3D ou \u00e0 la main, permettant de vous projeter dans votre futur int\u00e9rieur.<\/strong><\/p>\n<p><strong>-Une planche d&rsquo;ambiance, mat\u00e9riaux, mobiliers, \u00e9clairage et textile pour chaque pi\u00e8ce.<\/strong><\/p>\n<p><strong>-Une liste des \u00e9l\u00e9ments s\u00e9lectionn\u00e9s avec prix, r\u00e9f\u00e9rences, tarifs et le revendeur le plus proche de chez vous.<\/strong><\/p>\n<p><strong>-Un devis estimatif des travaux<\/strong><\/p>\n<p><strong><br \/>\n<\/strong>Et si vous le souhaitez :<\/p>\n<ul>\n<li><strong>Une mise en relation avec des artisans pour un devis par corps de m\u00e9tier<\/strong><\/li>\n<\/ul>\n<p><strong>\u00a0<span style=\"color: #ff00ff;\">Tarifs:<\/span><\/strong><\/p>\n<ul>\n<li>Sur devis n&rsquo;h\u00e9sitez pas \u00e0 me contacter.<\/li>\n<\/ul>\n<p>Les honoraires sont souvent amortis gr\u00e2ce aux remises de nos partenaires et boutiques.<\/p>\n<p style=\"text-align: center;\"><span style=\"color: #ff00ff;\">\u00a0<strong><a style=\"color: #ff00ff;\" href=\"https:\/\/amelie-pelle.com\/index.php\/contact\/\">Contact<\/a><\/strong><\/span><\/p>\n","protected":false},"excerpt":{"rendered":"<p>L&rsquo;Agence AP \u00e0 deux types de prestations: le conseil d\u00e9co (d\u00e9duit si vous souhaitez continuez avec une \u00e9tude) l&rsquo;\u00e9tude de projet Le conseil d\u00e9co: L&rsquo;Agence AP vous propose 2 types de conseils: -le conseil \u00e0 votre domicile\u00a0 -le conseil \u00e0 son\u00a0agence Le conseil \u00e0 votre domicile: 1h L&rsquo;architecte d&rsquo;int\u00e9rieur se d\u00e9place sur le lieu, dans&hellip; <\/p>\n<p class=\"toivo-read-more\"><a href=\"https:\/\/amelie-pelle.com\/?page_id=110\" class=\"more-link\">Lire la suite <span class=\"screen-reader-text\">Prestations<\/span><\/a><\/p>\n","protected":false},"author":1,"featured_media":216,"parent":0,"menu_order":0,"comment_status":"closed","ping_status":"closed","template":"","meta":{"footnotes":""},"class_list":{"0":"post-110","1":"page","2":"type-page","3":"status-publish","4":"has-post-thumbnail","6":"entry"},"_links":{"self":[{"href":"https:\/\/amelie-pelle.com\/index.php?rest_route=\/wp\/v2\/pages\/110","targetHints":{"allow":["GET"]}}],"collection":[{"href":"https:\/\/amelie-pelle.com\/index.php?rest_route=\/wp\/v2\/pages"}],"about":[{"href":"https:\/\/amelie-pelle.com\/index.php?rest_route=\/wp\/v2\/types\/page"}],"author":[{"embeddable":true,"href":"https:\/\/amelie-pelle.com\/index.php?rest_route=\/wp\/v2\/users\/1"}],"replies":[{"embeddable":true,"href":"https:\/\/amelie-pelle.com\/index.php?rest_route=%2Fwp%2Fv2%2Fcomments&post=110"}],"version-history":[{"count":15,"href":"https:\/\/amelie-pelle.com\/index.php?rest_route=\/wp\/v2\/pages\/110\/revisions"}],"predecessor-version":[{"id":451,"href":"https:\/\/amelie-pelle.com\/index.php?rest_route=\/wp\/v2\/pages\/110\/revisions\/451"}],"wp:featuredmedia":[{"embeddable":true,"href":"https:\/\/amelie-pelle.com\/index.php?rest_route=\/wp\/v2\/media\/216"}],"wp:attachment":[{"href":"https:\/\/amelie-pelle.com\/index.php?rest_route=%2Fwp%2Fv2%2Fmedia&parent=110"}],"curies":[{"name":"wp","href":"https:\/\/api.w.org\/{rel}","templated":true}]}}