{"id":37,"date":"2017-10-28T19:48:12","date_gmt":"2017-10-28T17:48:12","guid":{"rendered":"http:\/\/amelie-pelle.com\/?page_id=37"},"modified":"2023-03-03T15:33:12","modified_gmt":"2023-03-03T14:33:12","slug":"contact","status":"publish","type":"page","link":"https:\/\/amelie-pelle.com\/?page_id=37","title":{"rendered":"Contact"},"content":{"rendered":"<p><span style=\"color: #000080;\"><span style=\"font-size: 14pt;\"><strong>Agence\u00a0<\/strong><\/span><span style=\"font-size: 14pt; font-family: verdana, geneva; color: #ff00ff;\"><strong>A<\/strong><\/span><span style=\"font-size: 14pt;\"><strong>m\u00e9lie <\/strong><\/span><span style=\"font-size: 14pt;\"><strong><span style=\"color: #ff00ff;\">P<\/span>ell\u00e9<\/strong><\/span><\/span><\/p>\n<h4><span style=\"font-size: medium; color: #000080;\">57 avenue de la mer (Agence)<\/span><\/h4>\n<h5><span style=\"font-size: medium; color: #000080;\">14390 Cabourg<\/span><\/h5>\n<p>si\u00e8ge: 13 avenue Georges Cl\u00e9menceau, 14390 Cabourg<\/p>\n<p><span style=\"font-size: 14pt; color: #000080;\"><strong>0613270431<\/strong><\/span><\/p>\n<p><span style=\"font-size: 12pt; color: #000080;\">infos@amelie-pelle.com<\/span><\/p>\n<p><span style=\"font-size: 12pt; color: #000080;\">D\u00e9placement : 14, 27, 76<\/span><\/p>\n","protected":false},"excerpt":{"rendered":"<p>Agence\u00a0Am\u00e9lie Pell\u00e9 57 avenue de la mer (Agence) 14390 Cabourg si\u00e8ge: 13 avenue Georges Cl\u00e9menceau, 14390 Cabourg 0613270431 infos@amelie-pelle.com D\u00e9placement : 14, 27, 76<\/p>\n","protected":false},"author":1,"featured_media":0,"parent":0,"menu_order":0,"comment_status":"closed","ping_status":"closed","template":"","meta":{"footnotes":""},"class_list":{"0":"post-37","1":"page","2":"type-page","3":"status-publish","5":"entry"},"_links":{"self":[{"href":"https:\/\/amelie-pelle.com\/index.php?rest_route=\/wp\/v2\/pages\/37","targetHints":{"allow":["GET"]}}],"collection":[{"href":"https:\/\/amelie-pelle.com\/index.php?rest_route=\/wp\/v2\/pages"}],"about":[{"href":"https:\/\/amelie-pelle.com\/index.php?rest_route=\/wp\/v2\/types\/page"}],"author":[{"embeddable":true,"href":"https:\/\/amelie-pelle.com\/index.php?rest_route=\/wp\/v2\/users\/1"}],"replies":[{"embeddable":true,"href":"https:\/\/amelie-pelle.com\/index.php?rest_route=%2Fwp%2Fv2%2Fcomments&post=37"}],"version-history":[{"count":9,"href":"https:\/\/amelie-pelle.com\/index.php?rest_route=\/wp\/v2\/pages\/37\/revisions"}],"predecessor-version":[{"id":453,"href":"https:\/\/amelie-pelle.com\/index.php?rest_route=\/wp\/v2\/pages\/37\/revisions\/453"}],"wp:attachment":[{"href":"https:\/\/amelie-pelle.com\/index.php?rest_route=%2Fwp%2Fv2%2Fmedia&parent=37"}],"curies":[{"name":"wp","href":"https:\/\/api.w.org\/{rel}","templated":true}]}}