{"id":425,"date":"2020-11-13T11:05:42","date_gmt":"2020-11-13T10:05:42","guid":{"rendered":"http:\/\/amelie-pelle.com\/?page_id=425"},"modified":"2020-11-13T11:05:42","modified_gmt":"2020-11-13T10:05:42","slug":"carte-cadeau","status":"publish","type":"page","link":"https:\/\/amelie-pelle.com\/?page_id=425","title":{"rendered":"Carte cadeau"},"content":{"rendered":"\n<figure class=\"wp-block-image size-large\"><img loading=\"lazy\" decoding=\"async\" width=\"523\" height=\"704\" src=\"https:\/\/amelie-pelle.com\/wp-content\/uploads\/2020\/11\/carte-cadeau-1.jpeg\" alt=\"\" class=\"wp-image-420\" srcset=\"https:\/\/amelie-pelle.com\/wp-content\/uploads\/2020\/11\/carte-cadeau-1.jpeg 523w, https:\/\/amelie-pelle.com\/wp-content\/uploads\/2020\/11\/carte-cadeau-1-223x300.jpeg 223w\" sizes=\"auto, (max-width: 523px) 100vw, 523px\" \/><figcaption>En voici une id\u00e9e de cadeau original!<br>Offrez un conseil d\u00e9co \u00e0 vos proches ou pour vous m\u00eame!<br>A partir de 90\u20ac de l&rsquo;heure \u00e0 l&rsquo;agence de Gif sur Yvette et 120\u20ac \u00e0 domicile<br>Contact: <a rel=\"noreferrer noopener\" href=\"mailto:infos@amelie-pelle.com\" target=\"_blank\">infos@amelie-pelle.com<\/a><\/figcaption><\/figure>\n","protected":false},"excerpt":{"rendered":"","protected":false},"author":1,"featured_media":0,"parent":0,"menu_order":0,"comment_status":"closed","ping_status":"closed","template":"","meta":{"footnotes":""},"class_list":{"0":"post-425","1":"page","2":"type-page","3":"status-publish","5":"entry"},"_links":{"self":[{"href":"https:\/\/amelie-pelle.com\/index.php?rest_route=\/wp\/v2\/pages\/425","targetHints":{"allow":["GET"]}}],"collection":[{"href":"https:\/\/amelie-pelle.com\/index.php?rest_route=\/wp\/v2\/pages"}],"about":[{"href":"https:\/\/amelie-pelle.com\/index.php?rest_route=\/wp\/v2\/types\/page"}],"author":[{"embeddable":true,"href":"https:\/\/amelie-pelle.com\/index.php?rest_route=\/wp\/v2\/users\/1"}],"replies":[{"embeddable":true,"href":"https:\/\/amelie-pelle.com\/index.php?rest_route=%2Fwp%2Fv2%2Fcomments&post=425"}],"version-history":[{"count":1,"href":"https:\/\/amelie-pelle.com\/index.php?rest_route=\/wp\/v2\/pages\/425\/revisions"}],"predecessor-version":[{"id":426,"href":"https:\/\/amelie-pelle.com\/index.php?rest_route=\/wp\/v2\/pages\/425\/revisions\/426"}],"wp:attachment":[{"href":"https:\/\/amelie-pelle.com\/index.php?rest_route=%2Fwp%2Fv2%2Fmedia&parent=425"}],"curies":[{"name":"wp","href":"https:\/\/api.w.org\/{rel}","templated":true}]}}